{"id":107,"date":"2018-05-23T22:39:46","date_gmt":"2018-05-23T20:39:46","guid":{"rendered":"http:\/\/qireich.de\/?page_id=107"},"modified":"2018-05-23T22:39:46","modified_gmt":"2018-05-23T20:39:46","slug":"datenschutz","status":"publish","type":"page","link":"http:\/\/qireich.de\/index.php\/datenschutz\/","title":{"rendered":"Datenschutz"},"content":{"rendered":"<div class=\"entry-content\">\n<p><strong>Diese Datenschutzerkl\u00e4rung gilt f\u00fcr das Internet-Angebot <a href=\"http:\/\/qireich.de\/\">www.qireich.de<\/a>. Sie bezieht sich ausschlie\u00dflich auf die Inhalte dieses Internet-Angebots. Verweise auf fremde Inhalte sind kenntlich gemacht.<\/strong><\/p>\n<h6><strong>Datenverarbeitung im Auftrag<\/strong><\/h6>\n<p>Dieses Internet-Angebot wird im Wege der Auftragsdatenverarbeitung von<\/p>\n<p>ALL-INKL.COM \u2013 Neue Medien M\u00fcnnich<br \/>\nInhaber: Ren\u00e9 M\u00fcnnich<br \/>\nHauptstra\u00dfe 68, 02742 Friedersdorf, Deutschland<\/p>\n<p>als technischem Dienstleister vorgehalten. Dabei findet keine \u00fcber das in dieser Erkl\u00e4rung dargestellte Ma\u00df hinausgehende Speicherung und Verarbeitung personenbezogener Nutzungsdaten statt.<\/p>\n<h6>Erhebung von Nutzungsdaten\/Nutzungsanalyse<\/h6>\n<p>Beim Zugriff auf unser Internetangebot erfassen wir folgende Daten in einer Protokolldatei:<\/p>\n<p>\u2013 IP-Adresse<br \/>\n\u2013 Zeitpunkt des Zugriffs<br \/>\n\u2013 aufgerufene Seite bzw. Name der abgerufenen Datei (URL)<br \/>\n\u2013 Status-Informationen (z.B. Fehlercodes)<br \/>\n\u2013 \u00fcbertragene Datenmenge<br \/>\n\u2013 Browser-Informationen (genutzer Web-Browser, Betriebssystem, Spracheinstellung etc.)<\/p>\n<p>Die Daten werden ausschlie\u00dflich f\u00fcr statistische Zwecke genutzt. Eine Weitergabe an Dritte erfolgt nicht. Dieses Internetangebot verwendet keine Techniken, die darauf abzielen, das Zugriffsverhalten einzelner Nutzer auszuwerten. Personenbezogene Nutzungsprofile werden nicht erstellt.<\/p>\n<h6>Cookies<\/h6>\n<p>Unsere Internetseiten verwenden so genannte Cookies. Der Einsatz von Cookies erfolgt auf Grundlage von Art. 6 Abs. 1 lit. f) DSGVO zum Zwecke der technischen Bereitstellung sowie zur Optimierung unserer Internetseiten. Eine Auswertung von Nutzerzugriffen erfolgt ebenso wenig wie die Erstellung pseudoanonymisierter Nutzerprofile<\/p>\n<p>Cookies sind kleine Textdateien, die bei dem Besuch einer Internetseite von dem jeweiligen Server verschickt und auf dem Endger\u00e4t des Nutzers in einem daf\u00fcr vorgesehenen Verzeichnis abgelegt werden. Bei einem erneuten Besuch der Internetseite sendet der Internetbrowser des Nutzers den zuvor empfangenen Cookie wieder zur\u00fcck an den Server. Hierdurch k\u00f6nnen allgemeine Nutzungsdaten festgehalten und ausgewertet werden. Cookies lassen hingegen keine direkten R\u00fcckschl\u00fcsse auf Personen, Namen und Anschriften zu.<\/p>\n<p>Wenn Sie dies w\u00fcnschen, k\u00f6nnen Sie die Verwendung von Cookies jederzeit \u00fcber die Einstellungen Ihres Internetbrowsers verhindern. Wie dies im Einzelnen funktioniert, entnehmen Sie bitte den Hinweisen Ihres Internetbrowsers.<\/p>\n<p>Im Fall einer Verlinkung k\u00f6nnen Cookies von Drittanbietern zum Einsatz kommen, ohne dass wir Sie ausdr\u00fccklich darauf hinweisen k\u00f6nnen. Die g\u00e4ngigen Browser erlauben es, die Verarbeitung solcher Cookies festzulegen, so dass Sie das Speichern dieser Cookies deaktivieren bzw. die Art der Verarbeitung durch Ihren Browser einstellen k\u00f6nnen.<\/p>\n<h6>Einsatz von Social-Plug-ins und Tracking-Tools<b><br \/>\n<\/b><\/h6>\n<p>Auf unseren Seiten werden weder Social-Plug-ins noch Tracking-Tools eingesetzt.<\/p>\n<h6>Erhebung personenbezogener Daten in Online-Formularen<\/h6>\n<p>Im Rahmen dieses Angebots bitten wir um die Angabe personenbezogener Daten (z.B. Name, Anschrift oder E-Mail-Adresse). Diese Daten werden ausschlie\u00dflich dazu genutzt Kontakt mit Ihnen aufzunehmen oder Rezeptw\u00fcnsche f\u00fcr Sie zu bearbeiten. Die Daten werden ausschlie\u00dflich in unserer Praxissoftware gespeichert und nicht an Dritte weiter gegeben. Es unterliegt Ihrer freien Entscheidung, ob Sie diese Daten angeben.<\/p>\n<h6>Auskunftsrechte<\/h6>\n<p>Auskunftsrechte k\u00f6nnen schriftlich oder per E-Mail gegen\u00fcber der im <a href=\"http:\/\/qireich.de\/index.php\/impressum\/\">Impressum<\/a> genannten Stellen geltend gemacht werden.<\/p>\n<h6>Verschl\u00fcsselung<\/h6>\n<p>Dieses Angebot unterst\u00fctzt gegenw\u00e4rtig keine Datenverschl\u00fcsselung. Bei der \u00dcbertragung Ihrer Daten im Internet besteht daher die M\u00f6glichkeit, dass diese durch Unbefugte zur Kenntnis genommen oder ver\u00e4ndert werden k\u00f6nnen.<\/p>\n<p>Sollten Sie Fragen haben, k\u00f6nnen Sie sich gern an uns wenden.<\/p>\n<\/div>\n","protected":false},"excerpt":{"rendered":"<p>Diese Datenschutzerkl\u00e4rung gilt f\u00fcr das Internet-Angebot www.qireich.de. Sie bezieht sich ausschlie\u00dflich auf die Inhalte dieses Internet-Angebots. Verweise auf fremde Inhalte sind kenntlich gemacht. Datenverarbeitung im Auftrag Dieses Internet-Angebot wird im Wege der Auftragsdatenverarbeitung von ALL-INKL.COM \u2013 Neue Medien M\u00fcnnich Inhaber: Ren\u00e9 M\u00fcnnich Hauptstra\u00dfe 68, 02742 Friedersdorf, Deutschland als technischem Dienstleister vorgehalten. Dabei findet keine \u00fcber &hellip; <a href=\"http:\/\/qireich.de\/index.php\/datenschutz\/\" class=\"more-link\"><span class=\"screen-reader-text\">Datenschutz<\/span> weiterlesen <span class=\"meta-nav\">&rarr;<\/span><\/a><\/p>\n","protected":false},"author":3,"featured_media":0,"parent":0,"menu_order":0,"comment_status":"closed","ping_status":"closed","template":"","meta":[],"_links":{"self":[{"href":"http:\/\/qireich.de\/index.php\/wp-json\/wp\/v2\/pages\/107"}],"collection":[{"href":"http:\/\/qireich.de\/index.php\/wp-json\/wp\/v2\/pages"}],"about":[{"href":"http:\/\/qireich.de\/index.php\/wp-json\/wp\/v2\/types\/page"}],"author":[{"embeddable":true,"href":"http:\/\/qireich.de\/index.php\/wp-json\/wp\/v2\/users\/3"}],"replies":[{"embeddable":true,"href":"http:\/\/qireich.de\/index.php\/wp-json\/wp\/v2\/comments?post=107"}],"version-history":[{"count":1,"href":"http:\/\/qireich.de\/index.php\/wp-json\/wp\/v2\/pages\/107\/revisions"}],"predecessor-version":[{"id":108,"href":"http:\/\/qireich.de\/index.php\/wp-json\/wp\/v2\/pages\/107\/revisions\/108"}],"wp:attachment":[{"href":"http:\/\/qireich.de\/index.php\/wp-json\/wp\/v2\/media?parent=107"}],"curies":[{"name":"wp","href":"https:\/\/api.w.org\/{rel}","templated":true}]}}